{"id":105,"date":"2024-04-11T12:04:10","date_gmt":"2024-04-11T10:04:10","guid":{"rendered":"https:\/\/aixprotect.de\/?page_id=105"},"modified":"2026-04-10T12:23:01","modified_gmt":"2026-04-10T10:23:01","slug":"about-us-3","status":"publish","type":"page","link":"https:\/\/aachen-power.de\/?page_id=105","title":{"rendered":"EDV Service"},"content":{"rendered":"\n<div class=\"wp-block-cover alignfull\" style=\"min-height:300px;aspect-ratio:unset;\"><span aria-hidden=\"true\" class=\"wp-block-cover__background has-nv-site-bg-background-color has-background-dim-100 has-background-dim\"><\/span><div class=\"wp-block-cover__inner-container is-layout-flow wp-block-cover-is-layout-flow\">\n<div class=\"wp-block-group\"><div class=\"wp-block-group__inner-container is-layout-flow wp-block-group-is-layout-flow\">\n<h1 class=\"wp-block-heading has-text-align-left has-neve-text-color-color has-text-color\">EDV Service und Beratung<\/h1>\n<\/div><\/div>\n<\/div><\/div>\n\n\n\n<div class=\"wp-block-cover alignfull\" style=\"min-height:600px;aspect-ratio:unset;\"><span aria-hidden=\"true\" class=\"wp-block-cover__background has-nv-light-bg-background-color has-background-dim-100 has-background-dim\"><\/span><div class=\"wp-block-cover__inner-container is-layout-flow wp-block-cover-is-layout-flow\">\n<div class=\"wp-block-group\"><div class=\"wp-block-group__inner-container is-layout-flow wp-block-group-is-layout-flow\">\n<div style=\"height:80px\" aria-hidden=\"true\" class=\"wp-block-spacer\"><\/div>\n\n\n\n<div class=\"wp-block-columns are-vertically-aligned-center has-neve-text-color-color has-text-color is-layout-flex wp-container-core-columns-is-layout-9d6595d7 wp-block-columns-is-layout-flex\">\n<div class=\"wp-block-column is-vertically-aligned-center is-layout-flow wp-block-column-is-layout-flow\" style=\"flex-basis:50%\">\n<figure class=\"wp-block-image size-large is-resized\"><img loading=\"lazy\" decoding=\"async\" width=\"1024\" height=\"1024\" src=\"https:\/\/aachen-power.de\/wp-content\/uploads\/2024\/05\/064e47faa11f90402defd5bc6d2b4892-1024x1024.webp\" alt=\"\" class=\"wp-image-256\" style=\"width:547px;height:auto\" srcset=\"https:\/\/aachen-power.de\/wp-content\/uploads\/2024\/05\/064e47faa11f90402defd5bc6d2b4892-1024x1024.webp 1024w, https:\/\/aachen-power.de\/wp-content\/uploads\/2024\/05\/064e47faa11f90402defd5bc6d2b4892-300x300.webp 300w, https:\/\/aachen-power.de\/wp-content\/uploads\/2024\/05\/064e47faa11f90402defd5bc6d2b4892-150x150.webp 150w, https:\/\/aachen-power.de\/wp-content\/uploads\/2024\/05\/064e47faa11f90402defd5bc6d2b4892-768x768.webp 768w, https:\/\/aachen-power.de\/wp-content\/uploads\/2024\/05\/064e47faa11f90402defd5bc6d2b4892-1536x1536.webp 1536w, https:\/\/aachen-power.de\/wp-content\/uploads\/2024\/05\/064e47faa11f90402defd5bc6d2b4892.webp 2048w\" sizes=\"auto, (max-width: 1024px) 100vw, 1024px\" \/><\/figure>\n<\/div>\n\n\n\n<div class=\"wp-block-column is-vertically-aligned-center is-layout-flow wp-block-column-is-layout-flow\" style=\"flex-basis:50%\">\n<h2 class=\"wp-block-heading has-neve-text-color-color has-text-color\">Hard- und Software<\/h2>\n\n\n\n<p>Seit 1993 sind wir im Bereich Hard- und Softwarevertrieb t\u00e4tig.<\/p>\n\n\n\n<p>Vom Office-PC bis hin zum Highend Gaming-PC bieten wir individuelle Hard- und Softwarel\u00f6sungen, auf Ihre Bed\u00fcrfnisse zugeschnitten, an.<\/p>\n\n\n\n<p>Bei Problemen wie zum Beispiel Virenbeseitigung, Neuinstallation oder Reparatur von defekter Hardware hilft Ihnen unsere Fachwerkstatt gerne und kompetent weiter.<\/p>\n\n\n\n<p><\/p>\n<\/div>\n<\/div>\n\n\n\n<div style=\"height:40px\" aria-hidden=\"true\" class=\"wp-block-spacer\"><\/div>\n<\/div><\/div>\n<\/div><\/div>\n\n\n\n<div class=\"wp-block-cover alignfull\" style=\"min-height:600px;aspect-ratio:unset;\"><span aria-hidden=\"true\" class=\"wp-block-cover__background has-nv-dark-bg-background-color has-background-dim-100 has-background-dim\"><\/span><div class=\"wp-block-cover__inner-container is-layout-flow wp-block-cover-is-layout-flow\">\n<div class=\"wp-block-group\"><div class=\"wp-block-group__inner-container is-layout-flow wp-block-group-is-layout-flow\">\n<div style=\"height:80px\" aria-hidden=\"true\" class=\"wp-block-spacer\"><\/div>\n\n\n\n<div class=\"wp-block-columns are-vertically-aligned-center is-layout-flex wp-container-core-columns-is-layout-9d6595d7 wp-block-columns-is-layout-flex\">\n<div class=\"wp-block-column is-vertically-aligned-center is-layout-flow wp-block-column-is-layout-flow\" style=\"flex-basis:50%\">\n<h2 class=\"wp-block-heading has-nv-text-dark-bg-color has-text-color\">Zubeh\u00f6r<\/h2>\n\n\n\n<p class=\"has-nv-text-dark-bg-color has-text-color\">In unserem Fachgesch\u00e4ft bieten wir ein breit gef\u00e4chertes Repertoire<br>von Zubeh\u00f6r.<\/p>\n\n\n\n<p>Zubeh\u00f6r f\u00fcr PC\u00b4s, Laptops sowie eine Vielzahl von Anschluss- und Adapterkabel, bis hin zu allen Tintenpatronen bzw. Toner f\u00fcr alle g\u00e4ngigen Drucker.<\/p>\n\n\n\n<div style=\"height:20px\" aria-hidden=\"true\" class=\"wp-block-spacer\"><\/div>\n\n\n\n<div style=\"height:20px\" aria-hidden=\"true\" class=\"wp-block-spacer\"><\/div>\n<\/div>\n\n\n\n<div class=\"wp-block-column is-vertically-aligned-center is-layout-flow wp-block-column-is-layout-flow\" style=\"flex-basis:50%\">\n<figure class=\"wp-block-image size-full\"><img loading=\"lazy\" decoding=\"async\" width=\"560\" height=\"313\" src=\"https:\/\/aachen-power.de\/wp-content\/uploads\/2024\/05\/cache_28641531.jpg\" alt=\"\" class=\"wp-image-271\" srcset=\"https:\/\/aachen-power.de\/wp-content\/uploads\/2024\/05\/cache_28641531.jpg 560w, https:\/\/aachen-power.de\/wp-content\/uploads\/2024\/05\/cache_28641531-300x168.jpg 300w\" sizes=\"auto, (max-width: 560px) 100vw, 560px\" \/><\/figure>\n<\/div>\n<\/div>\n\n\n\n<div style=\"height:40px\" aria-hidden=\"true\" class=\"wp-block-spacer\"><\/div>\n<\/div><\/div>\n<\/div><\/div>\n\n\n\n<div class=\"wp-block-cover alignfull\" style=\"min-height:420px;aspect-ratio:unset;\"><span aria-hidden=\"true\" class=\"wp-block-cover__background has-nv-site-bg-background-color has-background-dim-100 has-background-dim\"><\/span><div class=\"wp-block-cover__inner-container is-layout-flow wp-block-cover-is-layout-flow\">\n<div style=\"height:80px\" aria-hidden=\"true\" class=\"wp-block-spacer\"><\/div>\n\n\n\n<div class=\"wp-block-columns is-layout-flex wp-container-core-columns-is-layout-9d6595d7 wp-block-columns-is-layout-flex\">\n<div class=\"wp-block-column ticss-4ce656f1 is-layout-flow wp-block-column-is-layout-flow\">\n<figure class=\"wp-block-image size-large icon-style is-style-rounded\"><img decoding=\"async\" src=\"https:\/\/api.themeisle.com\/templates-data\/2023\/03\/ebf0233ced7259cf0838b7ba6d3aee07eex7gnweb2m8vo93cr1g\/images\/neve-webdesign-GB-03.png\" alt=\"\" class=\"wp-image-20\"\/><\/figure>\n\n\n\n<div style=\"height:24px\" aria-hidden=\"true\" class=\"wp-block-spacer\"><\/div>\n\n\n\n<h3 class=\"wp-block-heading has-text-align-left has-text-align-center has-neve-text-color-color has-text-color\">Hard- und Software<\/h3>\n\n\n\n<p class=\"has-text-align-left has-neve-text-color-color has-text-color\" style=\"font-size:15px\">Seit 1993 sind wir im Bereich Hard- und Softwarevertrieb t\u00e4tig.<\/p>\n\n\n\n<div style=\"height:20px\" aria-hidden=\"true\" class=\"wp-block-spacer\"><\/div>\n<\/div>\n\n\n\n<div class=\"wp-block-column ticss-f6fc7494 is-layout-flow wp-block-column-is-layout-flow\">\n<figure class=\"wp-block-image size-large icon-style is-style-rounded\"><img decoding=\"async\" src=\"https:\/\/api.themeisle.com\/templates-data\/2023\/03\/ebf0233ced7259cf0838b7ba6d3aee07eex7gnweb2m8vo93cr1g\/images\/neve-webdesign-GB-03.png\" alt=\"\" class=\"wp-image-20\"\/><\/figure>\n\n\n\n<div style=\"height:24px\" aria-hidden=\"true\" class=\"wp-block-spacer\"><\/div>\n\n\n\n<h3 class=\"wp-block-heading has-text-align-left has-text-align-center has-neve-text-color-color has-text-color\">EDV Fachwerkstatt<\/h3>\n\n\n\n<p class=\"has-text-align-left has-neve-text-color-color has-text-color\" style=\"font-size:15px\">Virenbeseitigung, Neuinstallation oder Reparatur von defekter Hardware<\/p>\n\n\n\n<div style=\"height:20px\" aria-hidden=\"true\" class=\"wp-block-spacer\"><\/div>\n<\/div>\n\n\n\n<div class=\"wp-block-column ticss-a5b4df29 is-layout-flow wp-block-column-is-layout-flow\">\n<figure class=\"wp-block-image size-large icon-style is-style-rounded\"><img decoding=\"async\" src=\"https:\/\/api.themeisle.com\/templates-data\/2023\/03\/ebf0233ced7259cf0838b7ba6d3aee07eex7gnweb2m8vo93cr1g\/images\/neve-webdesign-GB-03.png\" alt=\"\" class=\"wp-image-20\"\/><\/figure>\n\n\n\n<div style=\"height:24px\" aria-hidden=\"true\" class=\"wp-block-spacer\"><\/div>\n\n\n\n<h3 class=\"wp-block-heading has-text-align-left has-text-align-center has-neve-text-color-color has-text-color\">Aussendienste<\/h3>\n\n\n\n<p class=\"has-text-align-left has-neve-text-color-color has-text-color\" style=\"font-size:15px\">Ihnen fehlt die Zeit oder auch das Know-How Ihre PC Probleme zu l\u00f6sen? Wir kommen zu Ihnen nach Hause oder in Ihr Unternehmen.<\/p>\n\n\n\n<div style=\"height:20px\" aria-hidden=\"true\" class=\"wp-block-spacer\"><\/div>\n<\/div>\n<\/div>\n\n\n\n<div style=\"height:30px\" aria-hidden=\"true\" class=\"wp-block-spacer\"><\/div>\n<\/div><\/div>\n\n\n\n<div class=\"wp-block-cover alignfull\" style=\"min-height:631px;aspect-ratio:unset;\"><span aria-hidden=\"true\" class=\"wp-block-cover__background has-nv-light-bg-background-color has-background-dim-100 has-background-dim\"><\/span><div class=\"wp-block-cover__inner-container is-layout-flow wp-block-cover-is-layout-flow\">\n<div class=\"wp-block-group\"><div class=\"wp-block-group__inner-container is-layout-flow wp-block-group-is-layout-flow\">\n<div style=\"height:80px\" aria-hidden=\"true\" class=\"wp-block-spacer\"><\/div>\n\n\n\n<div class=\"wp-block-columns is-layout-flex wp-container-core-columns-is-layout-9d6595d7 wp-block-columns-is-layout-flex\">\n<div class=\"wp-block-column is-layout-flow wp-block-column-is-layout-flow\">\n<div style=\"height:24px\" aria-hidden=\"true\" class=\"wp-block-spacer\"><\/div>\n\n\n\n<figure class=\"wp-block-image size-full\"><img loading=\"lazy\" decoding=\"async\" width=\"402\" height=\"125\" src=\"https:\/\/aachen-power.de\/wp-content\/uploads\/2024\/05\/Acer.png\" alt=\"\" class=\"wp-image-262\" srcset=\"https:\/\/aachen-power.de\/wp-content\/uploads\/2024\/05\/Acer.png 402w, https:\/\/aachen-power.de\/wp-content\/uploads\/2024\/05\/Acer-300x93.png 300w\" sizes=\"auto, (max-width: 402px) 100vw, 402px\" \/><\/figure>\n\n\n\n<p class=\"has-text-align-center has-neve-text-color-color has-text-color\"><\/p>\n\n\n\n<div style=\"height:40px\" aria-hidden=\"true\" class=\"wp-block-spacer\"><\/div>\n<\/div>\n\n\n\n<div class=\"wp-block-column is-layout-flow wp-block-column-is-layout-flow\">\n<div style=\"height:24px\" aria-hidden=\"true\" class=\"wp-block-spacer\"><\/div>\n\n\n<div class=\"wp-block-image\">\n<figure class=\"aligncenter size-full is-resized\"><img loading=\"lazy\" decoding=\"async\" width=\"600\" height=\"720\" src=\"https:\/\/aachen-power.de\/wp-content\/uploads\/2024\/05\/brother-partner-logo.png\" alt=\"\" class=\"wp-image-263\" style=\"width:228px;height:auto\" srcset=\"https:\/\/aachen-power.de\/wp-content\/uploads\/2024\/05\/brother-partner-logo.png 600w, https:\/\/aachen-power.de\/wp-content\/uploads\/2024\/05\/brother-partner-logo-250x300.png 250w\" sizes=\"auto, (max-width: 600px) 100vw, 600px\" \/><\/figure>\n<\/div>\n\n\n<p class=\"has-text-align-center has-neve-text-color-color has-text-color\"><\/p>\n\n\n\n<div style=\"height:40px\" aria-hidden=\"true\" class=\"wp-block-spacer\"><\/div>\n<\/div>\n\n\n\n<div class=\"wp-block-column is-layout-flow wp-block-column-is-layout-flow\">\n<div style=\"height:24px\" aria-hidden=\"true\" class=\"wp-block-spacer\"><\/div>\n\n\n<div class=\"wp-block-image\">\n<figure class=\"aligncenter size-full is-resized\"><img loading=\"lazy\" decoding=\"async\" width=\"576\" height=\"648\" src=\"https:\/\/aachen-power.de\/wp-content\/uploads\/2026\/04\/Access-Point-Logo-gross.jpg\" alt=\"\" class=\"wp-image-317\" style=\"aspect-ratio:0.8889009243212016;width:268px;height:auto\" srcset=\"https:\/\/aachen-power.de\/wp-content\/uploads\/2026\/04\/Access-Point-Logo-gross.jpg 576w, https:\/\/aachen-power.de\/wp-content\/uploads\/2026\/04\/Access-Point-Logo-gross-267x300.jpg 267w\" sizes=\"auto, (max-width: 576px) 100vw, 576px\" \/><\/figure>\n<\/div><\/div>\n<\/div>\n\n\n\n<div style=\"height:40px\" aria-hidden=\"true\" class=\"wp-block-spacer\"><\/div>\n<\/div><\/div>\n<\/div><\/div>\n","protected":false},"excerpt":{"rendered":"","protected":false},"author":1,"featured_media":0,"parent":0,"menu_order":0,"comment_status":"closed","ping_status":"closed","template":"","meta":{"neve_meta_sidebar":"default","neve_meta_container":"default","neve_meta_enable_content_width":"on","neve_meta_content_width":100,"neve_meta_title_alignment":"","neve_meta_author_avatar":"","neve_post_elements_order":"","neve_meta_disable_header":"","neve_meta_disable_footer":"","neve_meta_disable_title":"on","_themeisle_gutenberg_block_has_review":false,"footnotes":""},"class_list":["post-105","page","type-page","status-publish","hentry"],"_links":{"self":[{"href":"https:\/\/aachen-power.de\/index.php?rest_route=\/wp\/v2\/pages\/105","targetHints":{"allow":["GET"]}}],"collection":[{"href":"https:\/\/aachen-power.de\/index.php?rest_route=\/wp\/v2\/pages"}],"about":[{"href":"https:\/\/aachen-power.de\/index.php?rest_route=\/wp\/v2\/types\/page"}],"author":[{"embeddable":true,"href":"https:\/\/aachen-power.de\/index.php?rest_route=\/wp\/v2\/users\/1"}],"replies":[{"embeddable":true,"href":"https:\/\/aachen-power.de\/index.php?rest_route=%2Fwp%2Fv2%2Fcomments&post=105"}],"version-history":[{"count":18,"href":"https:\/\/aachen-power.de\/index.php?rest_route=\/wp\/v2\/pages\/105\/revisions"}],"predecessor-version":[{"id":318,"href":"https:\/\/aachen-power.de\/index.php?rest_route=\/wp\/v2\/pages\/105\/revisions\/318"}],"wp:attachment":[{"href":"https:\/\/aachen-power.de\/index.php?rest_route=%2Fwp%2Fv2%2Fmedia&parent=105"}],"curies":[{"name":"wp","href":"https:\/\/api.w.org\/{rel}","templated":true}]}}