{"id":101,"date":"2024-04-11T12:02:29","date_gmt":"2024-04-11T10:02:29","guid":{"rendered":"https:\/\/aixprotect.de\/?page_id=101"},"modified":"2024-05-03T19:02:28","modified_gmt":"2024-05-03T17:02:28","slug":"about-us-2","status":"publish","type":"page","link":"https:\/\/aachen-power.de\/?page_id=101","title":{"rendered":"Solar"},"content":{"rendered":"\n<div class=\"wp-block-cover alignfull\" style=\"min-height:300px;aspect-ratio:unset;\"><span aria-hidden=\"true\" class=\"wp-block-cover__background has-nv-site-bg-background-color has-background-dim-100 has-background-dim\"><\/span><div class=\"wp-block-cover__inner-container is-layout-flow wp-block-cover-is-layout-flow\">\n<div class=\"wp-block-group\"><div class=\"wp-block-group__inner-container is-layout-flow wp-block-group-is-layout-flow\">\n<h1 class=\"wp-block-heading has-text-align-left has-neve-text-color-color has-text-color\">Solartechnologie<\/h1>\n<\/div><\/div>\n<\/div><\/div>\n\n\n\n<div class=\"wp-block-cover alignfull\" style=\"min-height:600px;aspect-ratio:unset;\"><span aria-hidden=\"true\" class=\"wp-block-cover__background has-nv-light-bg-background-color has-background-dim-100 has-background-dim\"><\/span><div class=\"wp-block-cover__inner-container is-layout-flow wp-block-cover-is-layout-flow\">\n<div class=\"wp-block-group\"><div class=\"wp-block-group__inner-container is-layout-flow wp-block-group-is-layout-flow\">\n<div style=\"height:80px\" aria-hidden=\"true\" class=\"wp-block-spacer\"><\/div>\n\n\n\n<div class=\"wp-block-columns are-vertically-aligned-center has-neve-text-color-color has-text-color is-layout-flex wp-container-core-columns-is-layout-9d6595d7 wp-block-columns-is-layout-flex\">\n<div class=\"wp-block-column is-vertically-aligned-center is-layout-flow wp-block-column-is-layout-flow\" style=\"flex-basis:50%\">\n<figure class=\"wp-block-image size-large\"><img loading=\"lazy\" decoding=\"async\" width=\"1024\" height=\"990\" src=\"https:\/\/aachen-power.de\/wp-content\/uploads\/2024\/05\/37264-1024x990.jpg\" alt=\"\" class=\"wp-image-224\" srcset=\"https:\/\/aachen-power.de\/wp-content\/uploads\/2024\/05\/37264-1024x990.jpg 1024w, https:\/\/aachen-power.de\/wp-content\/uploads\/2024\/05\/37264-300x290.jpg 300w, https:\/\/aachen-power.de\/wp-content\/uploads\/2024\/05\/37264-768x743.jpg 768w, https:\/\/aachen-power.de\/wp-content\/uploads\/2024\/05\/37264-1536x1485.jpg 1536w, https:\/\/aachen-power.de\/wp-content\/uploads\/2024\/05\/37264.jpg 2048w\" sizes=\"auto, (max-width: 1024px) 100vw, 1024px\" \/><\/figure>\n<\/div>\n\n\n\n<div class=\"wp-block-column is-vertically-aligned-center is-layout-flow wp-block-column-is-layout-flow\" style=\"flex-basis:50%\">\n<h2 class=\"wp-block-heading has-neve-text-color-color has-text-color\">Solarkomplettanlagen<\/h2>\n\n\n\n<ul class=\"wp-block-list\">\n<li>Planung, Montage, Wartung und Instandhaltung Ihrer Photovoltaikanlage<\/li>\n\n\n\n<li>Anschluss an das \u00f6ffentliche Netz inklusive der gesamten Kommunikation mit dem Netzbetreiber<\/li>\n\n\n\n<li>Erneuerung der Hauptverteilung nach gesetzlichen Vorgaben<\/li>\n\n\n\n<li>Batteriespeicher zu Erh\u00f6hung des Eigenverbrauchs<\/li>\n\n\n\n<li>Ladeinfrastruktur f\u00fcr Elektrofahrzeuge<\/li>\n<\/ul>\n<\/div>\n<\/div>\n\n\n\n<div style=\"height:40px\" aria-hidden=\"true\" class=\"wp-block-spacer\"><\/div>\n<\/div><\/div>\n<\/div><\/div>\n\n\n\n<div class=\"wp-block-cover alignfull\" style=\"min-height:600px;aspect-ratio:unset;\"><span aria-hidden=\"true\" class=\"wp-block-cover__background has-nv-dark-bg-background-color has-background-dim-100 has-background-dim\"><\/span><div class=\"wp-block-cover__inner-container is-layout-flow wp-block-cover-is-layout-flow\">\n<div class=\"wp-block-group\"><div class=\"wp-block-group__inner-container is-layout-flow wp-block-group-is-layout-flow\">\n<div style=\"height:80px\" aria-hidden=\"true\" class=\"wp-block-spacer\"><\/div>\n\n\n\n<div class=\"wp-block-columns are-vertically-aligned-center is-layout-flex wp-container-core-columns-is-layout-9d6595d7 wp-block-columns-is-layout-flex\">\n<div class=\"wp-block-column is-vertically-aligned-center is-layout-flow wp-block-column-is-layout-flow\" style=\"flex-basis:50%\">\n<h2 class=\"wp-block-heading has-nv-text-dark-bg-color has-text-color\">Rechnet sich eine Solaranlage?<\/h2>\n\n\n\n<p class=\"has-nv-text-dark-bg-color has-text-color\"><strong>Eine Solaranlage rechnet sich umso schneller, je mehr Solarstrom Sie direkt selbst verbrauchen. Denn f\u00fcr den Strom vom Dach m\u00fcssen Sie viel weniger bezahlen als f\u00fcr den Strom aus dem Netz. Rund bis zu 70 Prozent des Stromverbrauchs kann bei einer typischen PV-Anlage direkt selbst verbraucht werden.<\/strong><\/p>\n\n\n\n<h2 class=\"wp-block-heading\">Warum lohnt sich eine Solaranlage?<\/h2>\n\n\n\n<p><strong>Hier nur ein Beispiel:<br>Photovoltaikanlagen geh\u00f6ren zu den risiko\u00e4rmsten Investitionen im Wohnbereich \u2013 und zu den klimafreundlichsten. Eine Solaranlage mit 6,56 Kilowatt installierter Leistung spart beispielsweise j\u00e4hrlich 2.700 Kilogramm CO\u2082 ein, das entspricht der Leistung von rund 216 B\u00e4umen (Stand 2023).<\/strong><\/p>\n\n\n\n<h2 class=\"wp-block-heading\">Was f\u00fcr Vorteile hat eine Solaranlage?<\/h2>\n\n\n\n<p><strong>Bei der Erzeugung von Solarstrom entstehen keine sch\u00e4dlichen CO\u2082-Emissionen, kein Rauch und kein Feinstaub. Photovoltaikanlagen sind langlebig, wartungsarm und kosteng\u00fcnstig im Betrieb. Solarmodule werden immer g\u00fcnstiger und leistungsf\u00e4higer.<\/strong><\/p>\n<\/div>\n\n\n\n<div class=\"wp-block-column is-vertically-aligned-center is-layout-flow wp-block-column-is-layout-flow\" style=\"flex-basis:50%\">\n<figure class=\"wp-block-image size-full\"><img loading=\"lazy\" decoding=\"async\" width=\"563\" height=\"683\" src=\"https:\/\/aachen-power.de\/wp-content\/uploads\/2024\/05\/kosten-photovoltaikanlage_1.jpg\" alt=\"\" class=\"wp-image-232\" srcset=\"https:\/\/aachen-power.de\/wp-content\/uploads\/2024\/05\/kosten-photovoltaikanlage_1.jpg 563w, https:\/\/aachen-power.de\/wp-content\/uploads\/2024\/05\/kosten-photovoltaikanlage_1-247x300.jpg 247w\" sizes=\"auto, (max-width: 563px) 100vw, 563px\" \/><\/figure>\n<\/div>\n<\/div>\n\n\n\n<div style=\"height:40px\" aria-hidden=\"true\" class=\"wp-block-spacer\"><\/div>\n<\/div><\/div>\n<\/div><\/div>\n\n\n\n<div class=\"wp-block-cover alignfull\" style=\"min-height:420px;aspect-ratio:unset;\"><span aria-hidden=\"true\" class=\"wp-block-cover__background has-nv-site-bg-background-color has-background-dim-100 has-background-dim\"><\/span><div class=\"wp-block-cover__inner-container is-layout-flow wp-block-cover-is-layout-flow\">\n<div style=\"height:80px\" aria-hidden=\"true\" class=\"wp-block-spacer\"><\/div>\n\n\n\n<div class=\"wp-block-cover alignfull\" style=\"min-height:994px;aspect-ratio:unset;\"><span aria-hidden=\"true\" class=\"wp-block-cover__background has-nv-light-bg-background-color has-background-dim-100 has-background-dim\"><\/span><div class=\"wp-block-cover__inner-container is-layout-flow wp-block-cover-is-layout-flow\">\n<div class=\"wp-block-group\"><div class=\"wp-block-group__inner-container is-layout-flow wp-block-group-is-layout-flow\">\n<div style=\"height:80px\" aria-hidden=\"true\" class=\"wp-block-spacer\"><\/div>\n\n\n\n<div class=\"wp-block-columns are-vertically-aligned-center has-neve-text-color-color has-text-color is-layout-flex wp-container-core-columns-is-layout-9d6595d7 wp-block-columns-is-layout-flex\">\n<div class=\"wp-block-column is-vertically-aligned-center is-layout-flow wp-block-column-is-layout-flow\" style=\"flex-basis:50%\">\n<figure class=\"wp-block-image size-full\"><img loading=\"lazy\" decoding=\"async\" width=\"1000\" height=\"1000\" src=\"https:\/\/aachen-power.de\/wp-content\/uploads\/2024\/05\/s-l1600.jpg\" alt=\"\" class=\"wp-image-238\" srcset=\"https:\/\/aachen-power.de\/wp-content\/uploads\/2024\/05\/s-l1600.jpg 1000w, https:\/\/aachen-power.de\/wp-content\/uploads\/2024\/05\/s-l1600-300x300.jpg 300w, https:\/\/aachen-power.de\/wp-content\/uploads\/2024\/05\/s-l1600-150x150.jpg 150w, https:\/\/aachen-power.de\/wp-content\/uploads\/2024\/05\/s-l1600-768x768.jpg 768w\" sizes=\"auto, (max-width: 1000px) 100vw, 1000px\" \/><\/figure>\n<\/div>\n\n\n\n<div class=\"wp-block-column is-vertically-aligned-center is-layout-flow wp-block-column-is-layout-flow\" style=\"flex-basis:50%\">\n<h2 class=\"wp-block-heading has-neve-text-color-color has-text-color\">Lohnt sich eine eigene Wallbox?<\/h2>\n\n\n\n<p>Wer sich \u00fcberlegt, ein Elektrofahrzeug anzuschaffen, der sieht sich au\u00dferdem mit der Frage konfrontiert, ob eine eigene Ladestation notwendig ist.<\/p>\n\n\n\n<p><br>Eine Wallbox ist praktisch, um das eigene Fahrzeug bequem zuhause laden zu k\u00f6nnen. Das ist im Vergleich zur \u00f6ffentlichen Ladestation sehr komfortabel.<\/p>\n\n\n\n<p> Vorallem wenn der Strom von der eigenen PV-Anlage produziert wird.<\/p>\n\n\n\n<p>Mit einer Ladeleistung zwischen 7, 11 und 22 kW im Vergleich zu einer Haushaltssteckdose mit etwa 3,5 kW l\u00e4dt die Wallbox deutlich schneller und ben\u00f6tigen nur wenige Stunden.<\/p>\n<\/div>\n<\/div>\n\n\n\n<div style=\"height:40px\" aria-hidden=\"true\" class=\"wp-block-spacer\"><\/div>\n<\/div><\/div>\n<\/div><\/div>\n\n\n\n<p><\/p>\n\n\n\n<div class=\"wp-block-columns is-layout-flex wp-container-core-columns-is-layout-9d6595d7 wp-block-columns-is-layout-flex\">\n<div class=\"wp-block-column ticss-4ce656f1 is-layout-flow wp-block-column-is-layout-flow\">\n<figure class=\"wp-block-image size-large icon-style is-style-rounded\"><img decoding=\"async\" src=\"https:\/\/api.themeisle.com\/templates-data\/2023\/03\/ebf0233ced7259cf0838b7ba6d3aee07eex7gnweb2m8vo93cr1g\/images\/neve-webdesign-GB-03.png\" alt=\"\" class=\"wp-image-20\"\/><\/figure>\n\n\n\n<div style=\"height:24px\" aria-hidden=\"true\" class=\"wp-block-spacer\"><\/div>\n\n\n\n<h3 class=\"wp-block-heading has-text-align-left has-text-align-center has-neve-text-color-color has-text-color\">Super Effizient<\/h3>\n\n\n\n<p class=\"has-text-align-left has-neve-text-color-color has-text-color\" style=\"font-size:15px\">Bei der Erzeugung von Solarstrom entstehen keine sch\u00e4dlichen CO\u2082-Emissionen, kein Rauch und kein Feinstaub. Photovoltaikanlagen sind langlebig, wartungsarm und kosteng\u00fcnstig im Betrieb.<\/p>\n\n\n\n<div style=\"height:20px\" aria-hidden=\"true\" class=\"wp-block-spacer\"><\/div>\n<\/div>\n\n\n\n<div class=\"wp-block-column ticss-f6fc7494 is-layout-flow wp-block-column-is-layout-flow\">\n<figure class=\"wp-block-image size-large icon-style is-style-rounded\"><img decoding=\"async\" src=\"https:\/\/api.themeisle.com\/templates-data\/2023\/03\/ebf0233ced7259cf0838b7ba6d3aee07eex7gnweb2m8vo93cr1g\/images\/neve-webdesign-GB-03.png\" alt=\"\" class=\"wp-image-20\"\/><\/figure>\n\n\n\n<div style=\"height:24px\" aria-hidden=\"true\" class=\"wp-block-spacer\"><\/div>\n\n\n\n<h3 class=\"wp-block-heading has-text-align-left has-text-align-center has-neve-text-color-color has-text-color\">Schnelle Installation<\/h3>\n\n\n\n<p class=\"has-text-align-left has-neve-text-color-color has-text-color\" style=\"font-size:15px\">Vor Ort ist eine schnelle Montage des Photovoltaik-Systems m\u00f6glich. Zum Beispiel vom Wechselrichter<br>direkt in die Steckdose Ihres Hausnetzes.<\/p>\n\n\n\n<div style=\"height:20px\" aria-hidden=\"true\" class=\"wp-block-spacer\"><\/div>\n<\/div>\n\n\n\n<div class=\"wp-block-column ticss-a5b4df29 is-layout-flow wp-block-column-is-layout-flow\">\n<figure class=\"wp-block-image size-large icon-style is-style-rounded\"><img decoding=\"async\" src=\"https:\/\/api.themeisle.com\/templates-data\/2023\/03\/ebf0233ced7259cf0838b7ba6d3aee07eex7gnweb2m8vo93cr1g\/images\/neve-webdesign-GB-03.png\" alt=\"\" class=\"wp-image-20\"\/><\/figure>\n\n\n\n<div style=\"height:24px\" aria-hidden=\"true\" class=\"wp-block-spacer\"><\/div>\n\n\n\n<h3 class=\"wp-block-heading has-text-align-left has-text-align-center has-neve-text-color-color has-text-color\">Kosten sparen<\/h3>\n\n\n\n<p class=\"has-text-align-left has-neve-text-color-color has-text-color\" style=\"font-size:15px\">Eine Solaranlage rechnet sich umso schneller, je mehr Solarstrom Sie direkt selbst verbrauchen.<\/p>\n\n\n\n<div style=\"height:20px\" aria-hidden=\"true\" class=\"wp-block-spacer\"><\/div>\n<\/div>\n<\/div>\n\n\n\n<div style=\"height:30px\" aria-hidden=\"true\" class=\"wp-block-spacer\"><\/div>\n<\/div><\/div>\n","protected":false},"excerpt":{"rendered":"","protected":false},"author":1,"featured_media":0,"parent":0,"menu_order":0,"comment_status":"closed","ping_status":"closed","template":"","meta":{"neve_meta_sidebar":"default","neve_meta_container":"default","neve_meta_enable_content_width":"on","neve_meta_content_width":100,"neve_meta_title_alignment":"","neve_meta_author_avatar":"","neve_post_elements_order":"","neve_meta_disable_header":"","neve_meta_disable_footer":"","neve_meta_disable_title":"on","_themeisle_gutenberg_block_has_review":false,"footnotes":""},"class_list":["post-101","page","type-page","status-publish","hentry"],"_links":{"self":[{"href":"https:\/\/aachen-power.de\/index.php?rest_route=\/wp\/v2\/pages\/101","targetHints":{"allow":["GET"]}}],"collection":[{"href":"https:\/\/aachen-power.de\/index.php?rest_route=\/wp\/v2\/pages"}],"about":[{"href":"https:\/\/aachen-power.de\/index.php?rest_route=\/wp\/v2\/types\/page"}],"author":[{"embeddable":true,"href":"https:\/\/aachen-power.de\/index.php?rest_route=\/wp\/v2\/users\/1"}],"replies":[{"embeddable":true,"href":"https:\/\/aachen-power.de\/index.php?rest_route=%2Fwp%2Fv2%2Fcomments&post=101"}],"version-history":[{"count":17,"href":"https:\/\/aachen-power.de\/index.php?rest_route=\/wp\/v2\/pages\/101\/revisions"}],"predecessor-version":[{"id":242,"href":"https:\/\/aachen-power.de\/index.php?rest_route=\/wp\/v2\/pages\/101\/revisions\/242"}],"wp:attachment":[{"href":"https:\/\/aachen-power.de\/index.php?rest_route=%2Fwp%2Fv2%2Fmedia&parent=101"}],"curies":[{"name":"wp","href":"https:\/\/api.w.org\/{rel}","templated":true}]}}